{"id":668,"date":"2025-06-21T16:56:08","date_gmt":"2025-06-21T16:56:08","guid":{"rendered":"https:\/\/lumiso.cloud\/?page_id=668"},"modified":"2025-06-21T16:56:08","modified_gmt":"2025-06-21T16:56:08","slug":"blog","status":"publish","type":"page","link":"https:\/\/lumiso.cloud\/es\/blog\/","title":{"rendered":"blog"},"content":{"rendered":"<div id=\"fws_69e08c542c4b3\"  data-column-margin=\"default\" data-midnight=\"dark\"  class=\"wpb_row vc_row-fluid vc_row full-width-content vc_row-o-equal-height vc_row-flex vc_row-o-content-top\"  style=\"padding-top: 0px; padding-bottom: 0px; \"><div class=\"row-bg-wrap\" data-bg-animation=\"none\" data-bg-animation-delay=\"\" data-bg-overlay=\"false\"><div class=\"inner-wrap row-bg-layer\" ><div class=\"row-bg viewport-desktop\"  style=\"\"><\/div><\/div><\/div><div class=\"row_col_wrap_12 col span_12 dark left\">\n\t<div  class=\"vc_col-sm-12 wpb_column column_container vc_column_container col no-extra-padding inherit_tablet inherit_phone\"  data-padding-pos=\"all\" data-has-bg-color=\"false\" data-bg-color=\"\" data-bg-opacity=\"1\" data-animation=\"\" data-delay=\"0\" >\n\t\t<div class=\"vc_column-inner\" >\n\t\t\t<div class=\"wpb_wrapper\">\n\t\t\t\t<div class='nectar-post-grid-wrap text-color-light spacing-15px' data-el-settings='{\"post_type\":\"post\",\"pagination\":\"load-more\",\"image_size\":\"default\",\"parallax_scrolling\":\"\",\"aspect_ratio_image_size\":\"\",\"category_position\":\"default\",\"category_display\":\"default\",\"display_categories\":\"yes\",\"display_excerpt\":\"0\",\"excerpt_length\":\"20\",\"display_date\":\"0\",\"display_estimated_reading_time\":\"0\",\"display_author\":\"0\",\"author_functionality\":\"default\",\"author_position\":\"default\",\"color_overlay\":\"\",\"color_overlay_opacity\":\"0\",\"color_overlay_hover_opacity\":\"0\",\"card_bg_color\":\"\",\"grid_style\":\"content_overlaid\",\"hover_effect\":\"slow_zoom\",\"post_title_overlay\":\"\",\"heading_tag\":\"default\",\"enable_gallery_lightbox\":\"0\",\"category_style\":\"underline\",\"overlay_secondary_project_image\":\"\",\"vertical_list_hover_effect\":\"none\",\"vertical_list_read_more\":\"\",\"read_more_button\":\"0\",\"animation\":\"none\"}' data-style='content_overlaid' data-query='{\"post_type\":\"post\",\"posts_per_page\":\"6\",\"order\":\"DESC\",\"orderby\":\"date\",\"offset\":\"0\",\"cpt_name\":\"post\",\"custom_query_tax\":\"\",\"ignore_sticky_posts\":\"\"}' data-load-more-color='black' data-load-more-text='Load More'><div class=\"nectar-post-grid-filters\" data-active-color=\"default\" data-align=\"default\" data-animation=\"none\" data-sortable=\"yes\"><h4>Filtro<\/h4><div><a href=\"#\" class=\"active all-filter\" data-total-count=\"1\" data-filter=\"-1\">Todos<\/a><a href=\"#\" data-filter=\"ai\" data-total-count=\"1\">AI<\/a><\/div><\/div><div class=\"nectar-post-grid text-opacity-1 text-opacity-hover-1 category-position-before-title\" data-indicator=\"yes\" data-indicator-style=\"default\" data-indicator-text-color=\"#fff\" data-indicator-color=\"#000000\" data-indicator-text=\"Read\" data-masonry=\"yes\" data-columns=\"3\" data-hover-effect=\"slow_zoom\" data-text-style=\"default\" data-border-radius=\"5px\" data-grid-item-height=\"30vh\" data-grid-spacing=\"15px\" data-text-layout=\"all_bottom_left_shadow\" data-text-color=\"light\" data-text-hover-color=\"light\" data-shadow-hover=\"yes\" data-animation=\"none\" data-animation-stagger=\"90\" data-cat-click=\"default\" style=\"--post-grid-border-radius:5px;\" ><div class=\"nectar-post-grid-item\" data-post-id=\"672\" data-has-img=\"true\"> <div class=\"inner\"><div class=\"nectar-post-grid-item-bg-wrap\"><div class=\"nectar-post-grid-item-bg-wrap-inner\"><div class=\"nectar-post-grid-item-bg\"><img loading=\"lazy\" decoding=\"async\" class=\"nectar-lazy skip-lazy\" src=\"data:image\/svg+xml;charset=utf-8,%3Csvg%20xmlns%3D'http%3A%2F%2Fwww.w3.org%2F2000%2Fsvg'%20viewBox%3D'0%200%201024%201024'%2F%3E\" alt=\"\" height=\"1024\" width=\"1024\" data-nectar-img-src=\"https:\/\/lumiso.cloud\/wp-content\/uploads\/2025\/06\/what-is-chatgpt-and-how-can-it-benefit-1.png\" data-nectar-img-srcset=\"https:\/\/lumiso.cloud\/wp-content\/uploads\/2025\/06\/what-is-chatgpt-and-how-can-it-benefit-1.png 1024w, https:\/\/lumiso.cloud\/wp-content\/uploads\/2025\/06\/what-is-chatgpt-and-how-can-it-benefit-1-300x300.png 300w, https:\/\/lumiso.cloud\/wp-content\/uploads\/2025\/06\/what-is-chatgpt-and-how-can-it-benefit-1-150x150.png 150w, https:\/\/lumiso.cloud\/wp-content\/uploads\/2025\/06\/what-is-chatgpt-and-how-can-it-benefit-1-768x768.png 768w, https:\/\/lumiso.cloud\/wp-content\/uploads\/2025\/06\/what-is-chatgpt-and-how-can-it-benefit-1-12x12.png 12w, https:\/\/lumiso.cloud\/wp-content\/uploads\/2025\/06\/what-is-chatgpt-and-how-can-it-benefit-1-140x140.png 140w, https:\/\/lumiso.cloud\/wp-content\/uploads\/2025\/06\/what-is-chatgpt-and-how-can-it-benefit-1-100x100.png 100w, https:\/\/lumiso.cloud\/wp-content\/uploads\/2025\/06\/what-is-chatgpt-and-how-can-it-benefit-1-500x500.png 500w, https:\/\/lumiso.cloud\/wp-content\/uploads\/2025\/06\/what-is-chatgpt-and-how-can-it-benefit-1-350x350.png 350w\" sizes=\"auto, (max-width: 1024px) 100vw, 1024px\" \/><\/div><\/div><\/div><div class=\"bg-overlay\"  data-opacity=\"0\" data-hover-opacity=\"0\"><\/div><div class=\"content\"><a class=\"nectar-post-grid-link\" href=\"https:\/\/lumiso.cloud\/es\/2025\/06\/21\/que-es-chatgpt-y-como-puede-beneficiar-a-su-empresa\/\" ><span class=\"screen-reader-text\">Qu\u00e9 es ChatGPT y c\u00f3mo puede beneficiar a su empresa<\/span><\/a><span class=\"meta-category\"><a class=\"ai style-underline\" href=\"https:\/\/lumiso.cloud\/es\/categoria\/en\/\">AI<\/a><\/span><div class=\"item-main\"><h3 class=\"post-heading\"><a href=\"https:\/\/lumiso.cloud\/es\/2025\/06\/21\/que-es-chatgpt-y-como-puede-beneficiar-a-su-empresa\/\"><span>Qu\u00e9 es ChatGPT y c\u00f3mo puede beneficiar a su empresa<\/span><\/a><\/h3><\/div><\/div><\/div><\/div><\/div><\/div>\n\t\t\t<\/div> \n\t\t<\/div>\n\t<\/div> \n<\/div><\/div>","protected":false},"excerpt":{"rendered":"En el panorama digital en r\u00e1pida evoluci\u00f3n, las empresas exploran continuamente herramientas innovadoras para seguir siendo competitivas y satisfacer las expectativas de los clientes. Una de estas tecnolog\u00edas innovadoras es ChatGPT, un modelo ling\u00fc\u00edstico avanzado desarrollado...","protected":false},"author":1,"featured_media":0,"parent":0,"menu_order":0,"comment_status":"closed","ping_status":"closed","template":"","meta":{"footnotes":""},"class_list":["post-668","page","type-page","status-publish"],"yoast_head":"<!-- This site is optimized with the Yoast SEO plugin v25.6 - https:\/\/yoast.com\/wordpress\/plugins\/seo\/ -->\n<title>blog - Lumiso<\/title>\n<meta name=\"robots\" content=\"index, follow, max-snippet:-1, max-image-preview:large, max-video-preview:-1\" \/>\n<link rel=\"canonical\" href=\"https:\/\/lumiso.cloud\/es\/blog\/\" \/>\n<meta property=\"og:locale\" content=\"es_ES\" \/>\n<meta property=\"og:type\" content=\"article\" \/>\n<meta property=\"og:title\" content=\"blog - Lumiso\" \/>\n<meta property=\"og:url\" content=\"https:\/\/lumiso.cloud\/es\/blog\/\" \/>\n<meta property=\"og:site_name\" content=\"Lumiso\" \/>\n<meta name=\"twitter:card\" content=\"summary_large_image\" \/>\n<script type=\"application\/ld+json\" class=\"yoast-schema-graph\">{\"@context\":\"https:\/\/schema.org\",\"@graph\":[{\"@type\":\"WebPage\",\"@id\":\"https:\/\/lumiso.cloud\/blog\/\",\"url\":\"https:\/\/lumiso.cloud\/blog\/\",\"name\":\"blog - Lumiso\",\"isPartOf\":{\"@id\":\"https:\/\/lumiso.cloud\/es\/#website\"},\"datePublished\":\"2025-06-21T16:56:08+00:00\",\"breadcrumb\":{\"@id\":\"https:\/\/lumiso.cloud\/blog\/#breadcrumb\"},\"inLanguage\":\"es\",\"potentialAction\":[{\"@type\":\"ReadAction\",\"target\":[\"https:\/\/lumiso.cloud\/blog\/\"]}]},{\"@type\":\"BreadcrumbList\",\"@id\":\"https:\/\/lumiso.cloud\/blog\/#breadcrumb\",\"itemListElement\":[{\"@type\":\"ListItem\",\"position\":1,\"name\":\"Home\",\"item\":\"https:\/\/lumiso.cloud\/es\/\"},{\"@type\":\"ListItem\",\"position\":2,\"name\":\"blog\"}]},{\"@type\":\"WebSite\",\"@id\":\"https:\/\/lumiso.cloud\/es\/#website\",\"url\":\"https:\/\/lumiso.cloud\/es\/\",\"name\":\"Lumiso\",\"description\":\"Piattaforma di Assistenza Clienti per WhatsApp e App di Messaggistica\",\"potentialAction\":[{\"@type\":\"SearchAction\",\"target\":{\"@type\":\"EntryPoint\",\"urlTemplate\":\"https:\/\/lumiso.cloud\/es\/?s={search_term_string}\"},\"query-input\":{\"@type\":\"PropertyValueSpecification\",\"valueRequired\":true,\"valueName\":\"search_term_string\"}}],\"inLanguage\":\"es\"}]}<\/script>\n<!-- \/ Yoast SEO plugin. -->","yoast_head_json":{"title":"blog - Lumiso","robots":{"index":"index","follow":"follow","max-snippet":"max-snippet:-1","max-image-preview":"max-image-preview:large","max-video-preview":"max-video-preview:-1"},"canonical":"https:\/\/lumiso.cloud\/es\/blog\/","og_locale":"es_ES","og_type":"article","og_title":"blog - Lumiso","og_url":"https:\/\/lumiso.cloud\/es\/blog\/","og_site_name":"Lumiso","twitter_card":"summary_large_image","schema":{"@context":"https:\/\/schema.org","@graph":[{"@type":"WebPage","@id":"https:\/\/lumiso.cloud\/blog\/","url":"https:\/\/lumiso.cloud\/blog\/","name":"blog - Lumiso","isPartOf":{"@id":"https:\/\/lumiso.cloud\/es\/#website"},"datePublished":"2025-06-21T16:56:08+00:00","breadcrumb":{"@id":"https:\/\/lumiso.cloud\/blog\/#breadcrumb"},"inLanguage":"es","potentialAction":[{"@type":"ReadAction","target":["https:\/\/lumiso.cloud\/blog\/"]}]},{"@type":"BreadcrumbList","@id":"https:\/\/lumiso.cloud\/blog\/#breadcrumb","itemListElement":[{"@type":"ListItem","position":1,"name":"Home","item":"https:\/\/lumiso.cloud\/es\/"},{"@type":"ListItem","position":2,"name":"blog"}]},{"@type":"WebSite","@id":"https:\/\/lumiso.cloud\/es\/#website","url":"https:\/\/lumiso.cloud\/es\/","name":"Lumiso","description":"Plataforma de atenci\u00f3n al cliente para WhatsApp y apps de mensajer\u00eda","potentialAction":[{"@type":"SearchAction","target":{"@type":"EntryPoint","urlTemplate":"https:\/\/lumiso.cloud\/es\/?s={search_term_string}"},"query-input":{"@type":"PropertyValueSpecification","valueRequired":true,"valueName":"search_term_string"}}],"inLanguage":"es"}]}},"_links":{"self":[{"href":"https:\/\/lumiso.cloud\/es\/wp-json\/wp\/v2\/pages\/668","targetHints":{"allow":["GET"]}}],"collection":[{"href":"https:\/\/lumiso.cloud\/es\/wp-json\/wp\/v2\/pages"}],"about":[{"href":"https:\/\/lumiso.cloud\/es\/wp-json\/wp\/v2\/types\/page"}],"author":[{"embeddable":true,"href":"https:\/\/lumiso.cloud\/es\/wp-json\/wp\/v2\/users\/1"}],"replies":[{"embeddable":true,"href":"https:\/\/lumiso.cloud\/es\/wp-json\/wp\/v2\/comments?post=668"}],"version-history":[{"count":0,"href":"https:\/\/lumiso.cloud\/es\/wp-json\/wp\/v2\/pages\/668\/revisions"}],"wp:attachment":[{"href":"https:\/\/lumiso.cloud\/es\/wp-json\/wp\/v2\/media?parent=668"}],"curies":[{"name":"wp","href":"https:\/\/api.w.org\/{rel}","templated":true}]}}