{"id":3,"date":"2025-02-05T13:25:31","date_gmt":"2025-02-05T13:25:31","guid":{"rendered":"https:\/\/lumiso.cloud\/?page_id=3"},"modified":"2025-06-25T20:04:20","modified_gmt":"2025-06-25T20:04:20","slug":"politica-de-privacidad","status":"publish","type":"page","link":"https:\/\/lumiso.cloud\/es\/politica-de-privacidad\/","title":{"rendered":"Pol\u00edtica de privacidad"},"content":{"rendered":"<div id=\"fws_69e08aed42e64\"  data-column-margin=\"default\" data-midnight=\"dark\"  class=\"wpb_row vc_row-fluid vc_row\"  style=\"padding-top: 0px; padding-bottom: 0px; \"><div class=\"row-bg-wrap\" data-bg-animation=\"none\" data-bg-animation-delay=\"\" data-bg-overlay=\"false\"><div class=\"inner-wrap row-bg-layer\" ><div class=\"row-bg viewport-desktop\"  style=\"\"><\/div><\/div><\/div><div class=\"row_col_wrap_12 col span_12 dark left\">\n\t<div  class=\"vc_col-sm-2 wpb_column column_container vc_column_container col no-extra-padding inherit_tablet inherit_phone\"  data-padding-pos=\"all\" data-has-bg-color=\"false\" data-bg-color=\"\" data-bg-opacity=\"1\" data-animation=\"\" data-delay=\"0\" >\n\t\t<div class=\"vc_column-inner\" >\n\t\t\t<div class=\"wpb_wrapper\">\n\t\t\t\t\n\t\t\t<\/div> \n\t\t<\/div>\n\t<\/div> \n\n\t<div  class=\"vc_col-sm-8 wpb_column column_container vc_column_container col no-extra-padding inherit_tablet inherit_phone\"  data-padding-pos=\"all\" data-has-bg-color=\"false\" data-bg-color=\"\" data-bg-opacity=\"1\" data-animation=\"\" data-delay=\"0\" >\n\t\t<div class=\"vc_column-inner\" >\n\t\t\t<div class=\"wpb_wrapper\">\n\t\t\t\t\n<div class=\"wpb_text_column wpb_content_element\" >\n\t<div class=\"wpb_wrapper\">\n\t\t<p><strong>Pol\u00edtica de privacidad - Lumiso<\/strong><\/p>\n<p>Lumiso recoge determinados Datos Personales de sus Usuarios.<\/p>\n<p><strong>Datos personales recogidos para los siguientes fines y utilizando los siguientes servicios:<\/strong><\/p>\n<p><strong>Contactar con el usuario<\/strong><br \/>Lista de correo o bolet\u00edn<br \/>Datos personales: correo electr\u00f3nico; nombre; n\u00famero de tel\u00e9fono<\/p>\n<p><strong>Gesti\u00f3n de contactos y env\u00edo de mensajes<\/strong><br \/>Correo electr\u00f3nico<br \/>Datos personales: cookie; datos de uso; correo electr\u00f3nico<br \/>SMS<br \/>Datos personales: cookies; datos de uso; n\u00famero de tel\u00e9fono<\/p>\n<p><strong>Gesti\u00f3n de datos de actividad<\/strong><br \/>Seguimiento de los datos de actividad a trav\u00e9s del dispositivo<br \/>Datos personales: Datos generales de actividad<\/p>\n<p><strong>Mapas de calor y grabaci\u00f3n de sesiones<\/strong><br \/>SmartLook<br \/>Datos personales: cookies; datos de uso; diversos tipos de datos seg\u00fan la pol\u00edtica de servicio<\/p>\n<p><strong>Interacci\u00f3n con redes sociales externas<\/strong><br \/>Widgets sociales Facebook, Twitter, Google+<br \/>Datos personales: cookies; datos de uso<\/p>\n<p><strong>Estad\u00edsticas<\/strong><br \/>Google Analytics con IP an\u00f3nima, Google Analytics, Google Tag Manager, MixPanel<br \/>Datos personales: cookies; datos de uso<br \/>Facebook Analytics para aplicaciones<br \/>Datos personales: datos de uso; varios tipos de datos seg\u00fan la pol\u00edtica del servicio<\/p>\n<p><strong>Informaci\u00f3n adicional sobre datos personales<\/strong><br \/><strong>WhatsApp<\/strong><br \/>Al descargar la Demo, comprar o hacer clic en el bot\u00f3n de WhatsApp, ser\u00e1s redirigido al chat privado. Al continuar, aceptas las condiciones de privacidad y autorizas el tratamiento de tus datos de acuerdo con el GDPR (Reg. UE 679\/2016) y la legislaci\u00f3n italiana.<\/p>\n<p><strong>Uso compartido y divulgaci\u00f3n de los datos de Google<\/strong><br \/>Lumiso no vende ni comparte datos personales con terceros excepto en los siguientes casos:<\/p>\n<ul>\n<li>Con proveedores de servicios autorizados (alojamiento, soporte t\u00e9cnico, marketing, an\u00e1lisis de datos) en virtud de acuerdos de confidencialidad.<\/li>\n<li>Para cumplir obligaciones legales, responder a solicitudes, proteger derechos y prevenir el fraude.<\/li>\n<\/ul>\n<p><strong>Conservaci\u00f3n y eliminaci\u00f3n de los datos de Google<\/strong><br \/>Los datos s\u00f3lo se almacenan durante el tiempo necesario para prestar los servicios. Se suprimir\u00e1n a petici\u00f3n suya o tras 2 a\u00f1os de inactividad. Lumiso adopta medidas t\u00e9cnicas para garantizar una eliminaci\u00f3n segura.<\/p>\n<p><strong>\u00c1mbitos OAuth<\/strong><br \/>Los \u00e1mbitos utilizados se enumeran en la interfaz de consenso de OAuth y se corresponden con lo indicado en la configuraci\u00f3n de Google Cloud Console.<\/p>\n<p><strong>Lumiso<\/strong><br \/>Lumiso es el desarrollador y propietario del software del mismo nombre, una plataforma de env\u00edo y gesti\u00f3n de contenidos a trav\u00e9s de canales digitales como WhatsApp. No est\u00e1 afiliada a WhatsApp Inc. ni a empresas del grupo Meta.<\/p>\n<p>Los cambios realizados por estas plataformas pueden afectar al funcionamiento de Lumiso, sin que Lumiso tenga ning\u00fan control t\u00e9cnico o contractual.<\/p>\n<p><strong>Software aut\u00f3nomo<\/strong><br \/>Lumiso es un software independiente para Windows y Mac: todos los datos residen localmente en el dispositivo del usuario y no se puede acceder a ellos desde Lumiso ni desde servidores de terceros.<\/p>\n<p><strong>Controlador de datos<\/strong><br \/>Lumiso<br \/>Correo electr\u00f3nico: <a href=\"mailto:support@lumiso.cloud\">support@lumiso.cloud<\/a><\/p>\n<p><strong>Eliminaci\u00f3n de datos personales<\/strong><br \/>Los usuarios pueden solicitar en cualquier momento la supresi\u00f3n de sus datos escribiendo a este <a href=\"https:\/\/lumiso.cloud\/es\/pongase-en-contacto-con\/\">formulario<\/a>.<\/p>\n\t<\/div>\n<\/div>\n\n\n\n\n\t\t\t<\/div> \n\t\t<\/div>\n\t<\/div> \n\n\t<div  class=\"vc_col-sm-2 wpb_column column_container vc_column_container col no-extra-padding inherit_tablet inherit_phone\"  data-padding-pos=\"all\" data-has-bg-color=\"false\" data-bg-color=\"\" data-bg-opacity=\"1\" data-animation=\"\" data-delay=\"0\" >\n\t\t<div class=\"vc_column-inner\" >\n\t\t\t<div class=\"wpb_wrapper\">\n\t\t\t\t\n\t\t\t<\/div> \n\t\t<\/div>\n\t<\/div> \n<\/div><\/div>","protected":false},"excerpt":{"rendered":"Pol\u00edtica de Privacidad - Lumiso Lumiso recoge determinados Datos Personales de sus Usuarios. Datos Personales recogidos para las siguientes finalidades y utilizando los siguientes servicios: Contactar con el UsuarioLista de correo o.","protected":false},"author":1,"featured_media":0,"parent":0,"menu_order":0,"comment_status":"closed","ping_status":"open","template":"","meta":{"footnotes":""},"class_list":["post-3","page","type-page","status-publish"],"yoast_head":"<!-- This site is optimized with the Yoast SEO plugin v25.6 - https:\/\/yoast.com\/wordpress\/plugins\/seo\/ -->\n<title>Privacy Policy - Lumiso<\/title>\n<meta name=\"robots\" content=\"index, follow, max-snippet:-1, max-image-preview:large, max-video-preview:-1\" \/>\n<link rel=\"canonical\" href=\"https:\/\/lumiso.cloud\/es\/politica-de-privacidad\/\" \/>\n<meta property=\"og:locale\" content=\"es_ES\" \/>\n<meta property=\"og:type\" content=\"article\" \/>\n<meta property=\"og:title\" content=\"Privacy Policy - Lumiso\" \/>\n<meta property=\"og:url\" content=\"https:\/\/lumiso.cloud\/es\/politica-de-privacidad\/\" \/>\n<meta property=\"og:site_name\" content=\"Lumiso\" \/>\n<meta property=\"article:modified_time\" content=\"2025-06-25T20:04:20+00:00\" \/>\n<meta name=\"twitter:card\" content=\"summary_large_image\" \/>\n<script type=\"application\/ld+json\" class=\"yoast-schema-graph\">{\"@context\":\"https:\/\/schema.org\",\"@graph\":[{\"@type\":\"WebPage\",\"@id\":\"https:\/\/lumiso.cloud\/privacy-policy\/\",\"url\":\"https:\/\/lumiso.cloud\/privacy-policy\/\",\"name\":\"Privacy Policy - Lumiso\",\"isPartOf\":{\"@id\":\"https:\/\/lumiso.cloud\/es\/#website\"},\"datePublished\":\"2025-02-05T13:25:31+00:00\",\"dateModified\":\"2025-06-25T20:04:20+00:00\",\"breadcrumb\":{\"@id\":\"https:\/\/lumiso.cloud\/privacy-policy\/#breadcrumb\"},\"inLanguage\":\"es\",\"potentialAction\":[{\"@type\":\"ReadAction\",\"target\":[\"https:\/\/lumiso.cloud\/privacy-policy\/\"]}]},{\"@type\":\"BreadcrumbList\",\"@id\":\"https:\/\/lumiso.cloud\/privacy-policy\/#breadcrumb\",\"itemListElement\":[{\"@type\":\"ListItem\",\"position\":1,\"name\":\"Home\",\"item\":\"https:\/\/lumiso.cloud\/es\/\"},{\"@type\":\"ListItem\",\"position\":2,\"name\":\"Privacy Policy\"}]},{\"@type\":\"WebSite\",\"@id\":\"https:\/\/lumiso.cloud\/es\/#website\",\"url\":\"https:\/\/lumiso.cloud\/es\/\",\"name\":\"Lumiso\",\"description\":\"Piattaforma di Assistenza Clienti per WhatsApp e App di Messaggistica\",\"potentialAction\":[{\"@type\":\"SearchAction\",\"target\":{\"@type\":\"EntryPoint\",\"urlTemplate\":\"https:\/\/lumiso.cloud\/es\/?s={search_term_string}\"},\"query-input\":{\"@type\":\"PropertyValueSpecification\",\"valueRequired\":true,\"valueName\":\"search_term_string\"}}],\"inLanguage\":\"es\"}]}<\/script>\n<!-- \/ Yoast SEO plugin. -->","yoast_head_json":{"title":"Pol\u00edtica de privacidad - Lumiso","robots":{"index":"index","follow":"follow","max-snippet":"max-snippet:-1","max-image-preview":"max-image-preview:large","max-video-preview":"max-video-preview:-1"},"canonical":"https:\/\/lumiso.cloud\/es\/politica-de-privacidad\/","og_locale":"es_ES","og_type":"article","og_title":"Privacy Policy - Lumiso","og_url":"https:\/\/lumiso.cloud\/es\/politica-de-privacidad\/","og_site_name":"Lumiso","article_modified_time":"2025-06-25T20:04:20+00:00","twitter_card":"summary_large_image","schema":{"@context":"https:\/\/schema.org","@graph":[{"@type":"WebPage","@id":"https:\/\/lumiso.cloud\/privacy-policy\/","url":"https:\/\/lumiso.cloud\/privacy-policy\/","name":"Pol\u00edtica de privacidad - Lumiso","isPartOf":{"@id":"https:\/\/lumiso.cloud\/es\/#website"},"datePublished":"2025-02-05T13:25:31+00:00","dateModified":"2025-06-25T20:04:20+00:00","breadcrumb":{"@id":"https:\/\/lumiso.cloud\/privacy-policy\/#breadcrumb"},"inLanguage":"es","potentialAction":[{"@type":"ReadAction","target":["https:\/\/lumiso.cloud\/privacy-policy\/"]}]},{"@type":"BreadcrumbList","@id":"https:\/\/lumiso.cloud\/privacy-policy\/#breadcrumb","itemListElement":[{"@type":"ListItem","position":1,"name":"Home","item":"https:\/\/lumiso.cloud\/es\/"},{"@type":"ListItem","position":2,"name":"Privacy Policy"}]},{"@type":"WebSite","@id":"https:\/\/lumiso.cloud\/es\/#website","url":"https:\/\/lumiso.cloud\/es\/","name":"Lumiso","description":"Plataforma de atenci\u00f3n al cliente para WhatsApp y apps de mensajer\u00eda","potentialAction":[{"@type":"SearchAction","target":{"@type":"EntryPoint","urlTemplate":"https:\/\/lumiso.cloud\/es\/?s={search_term_string}"},"query-input":{"@type":"PropertyValueSpecification","valueRequired":true,"valueName":"search_term_string"}}],"inLanguage":"es"}]}},"_links":{"self":[{"href":"https:\/\/lumiso.cloud\/es\/wp-json\/wp\/v2\/pages\/3","targetHints":{"allow":["GET"]}}],"collection":[{"href":"https:\/\/lumiso.cloud\/es\/wp-json\/wp\/v2\/pages"}],"about":[{"href":"https:\/\/lumiso.cloud\/es\/wp-json\/wp\/v2\/types\/page"}],"author":[{"embeddable":true,"href":"https:\/\/lumiso.cloud\/es\/wp-json\/wp\/v2\/users\/1"}],"replies":[{"embeddable":true,"href":"https:\/\/lumiso.cloud\/es\/wp-json\/wp\/v2\/comments?post=3"}],"version-history":[{"count":0,"href":"https:\/\/lumiso.cloud\/es\/wp-json\/wp\/v2\/pages\/3\/revisions"}],"wp:attachment":[{"href":"https:\/\/lumiso.cloud\/es\/wp-json\/wp\/v2\/media?parent=3"}],"curies":[{"name":"wp","href":"https:\/\/api.w.org\/{rel}","templated":true}]}}